{"id":892,"date":"2026-03-17T21:09:12","date_gmt":"2026-03-17T20:09:12","guid":{"rendered":"https:\/\/cles-ports-de-strasbourg.qs-demo.fr\/?page_id=892"},"modified":"2026-03-17T21:09:12","modified_gmt":"2026-03-17T20:09:12","slug":"mentions-legales","status":"publish","type":"page","link":"https:\/\/cles-ports-de-strasbourg.qs-demo.fr\/index.php\/mentions-legales\/","title":{"rendered":"Mentions l\u00e9gales"},"content":{"rendered":"<p><div class=\"fusion-fullwidth fullwidth-box fusion-builder-row-1 fusion-flex-container has-pattern-background has-mask-background nonhundred-percent-fullwidth non-hundred-percent-height-scrolling\" style=\"--awb-border-radius-top-left:0px;--awb-border-radius-top-right:0px;--awb-border-radius-bottom-right:0px;--awb-border-radius-bottom-left:0px;--awb-padding-top:2%;--awb-padding-bottom:0px;--awb-margin-bottom:0px;--awb-background-image:linear-gradient(180deg, #f9fdff 0%,#eaf1f4 100%);--awb-flex-wrap:wrap;\" ><div class=\"fusion-builder-row fusion-row fusion-flex-align-items-flex-start fusion-flex-content-wrap\" style=\"max-width:1397.76px;margin-left: calc(-4% \/ 2 );margin-right: calc(-4% \/ 2 );\"><div class=\"fusion-layout-column fusion_builder_column fusion-builder-column-0 fusion_builder_column_1_1 1_1 fusion-flex-column\" style=\"--awb-bg-size:cover;--awb-width-large:100%;--awb-margin-top-large:0px;--awb-spacing-right-large:1.92%;--awb-margin-bottom-large:20px;--awb-spacing-left-large:1.92%;--awb-width-medium:100%;--awb-order-medium:0;--awb-spacing-right-medium:1.92%;--awb-spacing-left-medium:1.92%;--awb-width-small:100%;--awb-order-small:0;--awb-spacing-right-small:1.92%;--awb-spacing-left-small:1.92%;\" data-scroll-devices=\"small-visibility,medium-visibility,large-visibility\"><div class=\"fusion-column-wrapper fusion-column-has-shadow fusion-flex-justify-content-flex-start fusion-content-layout-column\"><div class=\"fusion-separator fusion-full-width-sep\" style=\"align-self: center;margin-left: auto;margin-right: auto;margin-top:30px;width:100%;\"><\/div><div class=\"fusion-title title fusion-title-1 fusion-sep-none fusion-title-center fusion-title-text fusion-title-size-one\" style=\"--awb-text-color:var(--awb-color7);--awb-margin-top-small:10px;--awb-margin-right-small:0px;--awb-margin-bottom-small:10px;--awb-margin-left-small:0px;\"><h1 class=\"fusion-title-heading title-heading-center\" style=\"margin:0;\">Mentions l\u00e9gales (France)<\/h1><\/div><div class=\"fusion-separator fusion-full-width-sep\" style=\"align-self: center;margin-left: auto;margin-right: auto;margin-bottom:40px;width:100%;\"><\/div><\/div><\/div><div class=\"fusion-layout-column fusion_builder_column fusion-builder-column-1 fusion_builder_column_1_1 1_1 fusion-flex-column\" style=\"--awb-padding-bottom:0px;--awb-bg-size:cover;--awb-width-large:100%;--awb-margin-top-large:0px;--awb-spacing-right-large:1.92%;--awb-margin-bottom-large:0px;--awb-spacing-left-large:1.92%;--awb-width-medium:100%;--awb-order-medium:0;--awb-spacing-right-medium:1.92%;--awb-spacing-left-medium:1.92%;--awb-width-small:100%;--awb-order-small:0;--awb-spacing-right-small:1.92%;--awb-spacing-left-small:1.92%;\" data-scroll-devices=\"small-visibility,medium-visibility,large-visibility\"><div class=\"fusion-column-wrapper fusion-column-has-shadow fusion-flex-justify-content-flex-start fusion-content-layout-column\"><div class=\"fusion-section-separator section-separator custom fusion-section-separator-1\" style=\"--awb-spacer-height:147.659px;--awb-svg-margin-left:1.92%;--awb-svg-margin-right:1.92%;--awb-svg-margin-left-medium:1.92%;--awb-svg-margin-right-medium:1.92%;--awb-svg-margin-left-small:1.92%;--awb-svg-margin-right-small:1.92%;--awb-bg-size:100% 100%;--awb-bg-size-medium:100% 100%;--awb-bg-size-small:100% 100%;--awb-margin-top:0px;--awb-margin-bottom:0px;\"><div class=\"fusion-section-separator-svg\"><div class=\"fusion-custom-candy-sep fusion-section-separator-svg-bg\" style=\"background-image:url( data:image\/svg+xml;utf8,%3Csvg%20xmlns%3D%22http%3A%2F%2Fwww.w3.org%2F2000%2Fsvg%22%20width%3D%22%22%20height%3D%22%22%20viewBox%3D%220%200%201919.565%20147.659%22%20preserveAspectRatio%3D%22none%22%0D%0A%3E%0D%0A%20%20%3Cpath%20id%3D%22Intersection_1%22%20data-name%3D%22Intersection%201%22%20d%3D%22M0%2C223V179.968C126.715%2C176.479%2C287.657%2C75.341%2C452.219%2C75.341%2C660.891%2C85.8%2C706.375%2C190.139%2C931.176%2C192.755c212.741%2C1.163%2C283.073-105.789%2C420.25-106.952%2C167.983%2C5.232%2C248.082%2C132.527%2C426.062%2C132.527%2C87.788%2C0%2C142.077-31.387%2C142.077-31.387V223Z%22%20transform%3D%22translate%280%20-75.341%29%22%20fill%3D%22rgba%28249%2C253%2C255%2C1%29%22%2F%3E%0D%0A%3C%2Fsvg%3E%0D%0A );height:147.659px;transform: rotateY(180deg);height:147.659px;background-size:cover;\"><\/div><\/div><div class=\"fusion-section-separator-spacer\"><div class=\"fusion-section-separator-spacer-height\"><\/div><\/div><\/div><\/div><\/div><\/div><\/div><div class=\"fusion-fullwidth fullwidth-box fusion-builder-row-2 fusion-flex-container has-pattern-background has-mask-background nonhundred-percent-fullwidth non-hundred-percent-height-scrolling\" style=\"--awb-border-radius-top-left:0px;--awb-border-radius-top-right:0px;--awb-border-radius-bottom-right:0px;--awb-border-radius-bottom-left:0px;--awb-padding-top:40px;--awb-padding-bottom:18px;--awb-flex-wrap:wrap;\" ><div class=\"fusion-builder-row fusion-row fusion-flex-align-items-flex-start fusion-flex-content-wrap\" style=\"max-width:1397.76px;margin-left: calc(-4% \/ 2 );margin-right: calc(-4% \/ 2 );\"><div class=\"fusion-layout-column fusion_builder_column fusion-builder-column-2 fusion_builder_column_1_1 1_1 fusion-flex-column\" style=\"--awb-bg-size:cover;--awb-width-large:100%;--awb-margin-top-large:0px;--awb-spacing-right-large:1.92%;--awb-margin-bottom-large:20px;--awb-spacing-left-large:1.92%;--awb-width-medium:100%;--awb-order-medium:0;--awb-spacing-right-medium:1.92%;--awb-spacing-left-medium:1.92%;--awb-width-small:100%;--awb-order-small:0;--awb-spacing-right-small:1.92%;--awb-spacing-left-small:1.92%;\"><div class=\"fusion-column-wrapper fusion-column-has-shadow fusion-flex-justify-content-flex-start fusion-content-layout-column\"><div class=\"fusion-text fusion-text-1\"><h3 data-path-to-node=\"4\">1. \u00c9dition du site<\/h3>\n<p data-path-to-node=\"5\">En vertu de l&rsquo;article 6 de la loi n\u00b0 2004-575 du 21 juin 2004, il est pr\u00e9cis\u00e9 aux utilisateurs du site internet <b data-path-to-node=\"5\" data-index-in-node=\"112\">[Nom du site]<\/b> l&rsquo;identit\u00e9 des diff\u00e9rents intervenants dans le cadre de sa r\u00e9alisation et de son suivi :<\/p>\n<ul data-path-to-node=\"6\">\n<li>\n<p data-path-to-node=\"6,0,0\"><b data-path-to-node=\"6,0,0\" data-index-in-node=\"0\">Propri\u00e9taire du site :<\/b> [Pr\u00e9nom Nom ou Raison sociale]\n<\/li>\n<li>\n<p data-path-to-node=\"6,1,0\"><b data-path-to-node=\"6,1,0\" data-index-in-node=\"0\">Contact :<\/b> [Email] &#8211; [T\u00e9l\u00e9phone]\n<\/li>\n<li>\n<p data-path-to-node=\"6,2,0\"><b data-path-to-node=\"6,2,0\" data-index-in-node=\"0\">Adresse :<\/b> [Adresse postale compl\u00e8te]\n<\/li>\n<li>\n<p data-path-to-node=\"6,3,0\"><b data-path-to-node=\"6,3,0\" data-index-in-node=\"0\">Identification de l&rsquo;entreprise :<\/b> [Auto-entrepreneur \/ SAS \/ SARL \/ etc.] au capital social de [Montant]\u20ac<\/p>\n<\/li>\n<li>\n<p data-path-to-node=\"6,4,0\"><b data-path-to-node=\"6,4,0\" data-index-in-node=\"0\">SIREN \/ SIRET :<\/b> [Num\u00e9ro \u00e0 9 ou 14 chiffres]\n<\/li>\n<li>\n<p data-path-to-node=\"6,5,0\"><b data-path-to-node=\"6,5,0\" data-index-in-node=\"0\">RCS :<\/b> [Ville d&rsquo;immatriculation] (si applicable)<\/p>\n<\/li>\n<li>\n<p data-path-to-node=\"6,6,0\"><b data-path-to-node=\"6,6,0\" data-index-in-node=\"0\">TVA Intracommunautaire :<\/b> [Num\u00e9ro] (ou mention \u00ab\u00a0TVA non applicable, art. 293 B du CGI\u00a0\u00bb)<\/p>\n<\/li>\n<li>\n<p data-path-to-node=\"6,7,0\"><b data-path-to-node=\"6,7,0\" data-index-in-node=\"0\">Directeur de la publication :<\/b> [Nom du responsable]\n<\/li>\n<\/ul>\n<h3 data-path-to-node=\"7\">2. H\u00e9bergement<\/h3>\n<p data-path-to-node=\"8\">Le site est h\u00e9berg\u00e9 par :<\/p>\n<ul data-path-to-node=\"9\">\n<li>\n<p data-path-to-node=\"9,0,0\"><b data-path-to-node=\"9,0,0\" data-index-in-node=\"0\">Nom de l&rsquo;h\u00e9bergeur :<\/b> [Ex: Hostinger, OVH Cloud, IONOS]\n<\/li>\n<li>\n<p data-path-to-node=\"9,1,0\"><b data-path-to-node=\"9,1,0\" data-index-in-node=\"0\">Adresse de l&rsquo;h\u00e9bergeur :<\/b> [Adresse physique du si\u00e8ge social de l&rsquo;h\u00e9bergeur]\n<\/li>\n<li>\n<p data-path-to-node=\"9,2,0\"><b data-path-to-node=\"9,2,0\" data-index-in-node=\"0\">Contact :<\/b> [Num\u00e9ro de t\u00e9l\u00e9phone ou lien vers le support de l&rsquo;h\u00e9bergeur]\n<\/li>\n<\/ul>\n<h3 data-path-to-node=\"10\">3. Propri\u00e9t\u00e9 intellectuelle<\/h3>\n<p data-path-to-node=\"11\">[Nom du propri\u00e9taire] est propri\u00e9taire des droits de propri\u00e9t\u00e9 intellectuelle ou d\u00e9tient les droits d\u2019usage sur tous les \u00e9l\u00e9ments accessibles sur le site (textes, images, graphismes, logo, ic\u00f4nes, etc.). Toute reproduction, repr\u00e9sentation, modification ou adaptation de tout ou partie des \u00e9l\u00e9ments du site est interdite, sauf autorisation \u00e9crite pr\u00e9alable.<\/p>\n<h3 data-path-to-node=\"12\">4. Limitation de responsabilit\u00e9<\/h3>\n<p data-path-to-node=\"13\">Le propri\u00e9taire du site ne pourra \u00eatre tenu pour responsable des dommages directs et indirects caus\u00e9s au mat\u00e9riel de l\u2019utilisateur lors de l\u2019acc\u00e8s au site, ou de l\u2019apparition d\u2019un bug ou d\u2019une incompatibilit\u00e9.<\/p>\n<h3 data-path-to-node=\"14\">5. Protection des donn\u00e9es personnelles (RGPD)<\/h3>\n<p data-path-to-node=\"15\">Conform\u00e9ment aux dispositions de la loi 78-17 du 6 janvier 1978 modifi\u00e9e, l\u2019utilisateur dispose d\u2019un droit d\u2019acc\u00e8s, de modification et de suppression des informations collect\u00e9es. Pour exercer ce droit, envoyez un message \u00e0 : <b data-path-to-node=\"15\" data-index-in-node=\"225\">[Votre adresse email]<\/b>.<\/p>\n<\/div><\/div><\/div><\/div><\/div><\/p>\n","protected":false},"excerpt":{"rendered":"","protected":false},"author":1,"featured_media":0,"parent":0,"menu_order":0,"comment_status":"closed","ping_status":"closed","template":"100-width.php","meta":{"footnotes":""},"class_list":["post-892","page","type-page","status-publish","hentry"],"yoast_head":"<!-- This site is optimized with the Yoast SEO plugin v27.2 - https:\/\/yoast.com\/product\/yoast-seo-wordpress\/ -->\n<title>Mentions l\u00e9gales - Coop\u00e9rations Locales et Environnementales en Synergies<\/title>\n<meta name=\"robots\" content=\"noindex, follow, max-snippet:-1, max-image-preview:large, max-video-preview:-1\" \/>\n<meta property=\"og:locale\" content=\"fr_FR\" \/>\n<meta property=\"og:type\" content=\"article\" \/>\n<meta property=\"og:title\" content=\"Mentions l\u00e9gales - Coop\u00e9rations Locales et Environnementales en Synergies\" \/>\n<meta property=\"og:url\" content=\"https:\/\/cles-ports-de-strasbourg.qs-demo.fr\/index.php\/mentions-legales\/\" \/>\n<meta property=\"og:site_name\" content=\"Coop\u00e9rations Locales et Environnementales en Synergies\" \/>\n<meta name=\"twitter:card\" content=\"summary_large_image\" \/>\n<meta name=\"twitter:label1\" content=\"Dur\u00e9e de lecture estim\u00e9e\" \/>\n\t<meta name=\"twitter:data1\" content=\"2 minutes\" \/>\n<script type=\"application\/ld+json\" class=\"yoast-schema-graph\">{\"@context\":\"https:\/\/schema.org\",\"@graph\":[{\"@type\":\"WebPage\",\"@id\":\"https:\/\/cles-ports-de-strasbourg.qs-demo.fr\/index.php\/mentions-legales\/\",\"url\":\"https:\/\/cles-ports-de-strasbourg.qs-demo.fr\/index.php\/mentions-legales\/\",\"name\":\"Mentions l\u00e9gales - Coop\u00e9rations Locales et Environnementales en Synergies\",\"isPartOf\":{\"@id\":\"https:\/\/cles-ports-de-strasbourg.qs-demo.fr\/#website\"},\"datePublished\":\"2026-03-17T20:09:12+00:00\",\"breadcrumb\":{\"@id\":\"https:\/\/cles-ports-de-strasbourg.qs-demo.fr\/index.php\/mentions-legales\/#breadcrumb\"},\"inLanguage\":\"fr-FR\",\"potentialAction\":[{\"@type\":\"ReadAction\",\"target\":[\"https:\/\/cles-ports-de-strasbourg.qs-demo.fr\/index.php\/mentions-legales\/\"]}]},{\"@type\":\"BreadcrumbList\",\"@id\":\"https:\/\/cles-ports-de-strasbourg.qs-demo.fr\/index.php\/mentions-legales\/#breadcrumb\",\"itemListElement\":[{\"@type\":\"ListItem\",\"position\":1,\"name\":\"Accueil\",\"item\":\"https:\/\/cles-ports-de-strasbourg.qs-demo.fr\/\"},{\"@type\":\"ListItem\",\"position\":2,\"name\":\"Mentions l\u00e9gales\"}]},{\"@type\":\"WebSite\",\"@id\":\"https:\/\/cles-ports-de-strasbourg.qs-demo.fr\/#website\",\"url\":\"https:\/\/cles-ports-de-strasbourg.qs-demo.fr\/\",\"name\":\"Coop\u00e9rations Locales et Environnementales en Synergies\",\"description\":\"Cr\u00e9er des synergies entre les entreprises de la zone portuaire de Strasbourg.\",\"potentialAction\":[{\"@type\":\"SearchAction\",\"target\":{\"@type\":\"EntryPoint\",\"urlTemplate\":\"https:\/\/cles-ports-de-strasbourg.qs-demo.fr\/?s={search_term_string}\"},\"query-input\":{\"@type\":\"PropertyValueSpecification\",\"valueRequired\":true,\"valueName\":\"search_term_string\"}}],\"inLanguage\":\"fr-FR\"}]}<\/script>\n<!-- \/ Yoast SEO plugin. -->","yoast_head_json":{"title":"Mentions l\u00e9gales - Coop\u00e9rations Locales et Environnementales en Synergies","robots":{"index":"noindex","follow":"follow","max-snippet":"max-snippet:-1","max-image-preview":"max-image-preview:large","max-video-preview":"max-video-preview:-1"},"og_locale":"fr_FR","og_type":"article","og_title":"Mentions l\u00e9gales - Coop\u00e9rations Locales et Environnementales en Synergies","og_url":"https:\/\/cles-ports-de-strasbourg.qs-demo.fr\/index.php\/mentions-legales\/","og_site_name":"Coop\u00e9rations Locales et Environnementales en Synergies","twitter_card":"summary_large_image","twitter_misc":{"Dur\u00e9e de lecture estim\u00e9e":"2 minutes"},"schema":{"@context":"https:\/\/schema.org","@graph":[{"@type":"WebPage","@id":"https:\/\/cles-ports-de-strasbourg.qs-demo.fr\/index.php\/mentions-legales\/","url":"https:\/\/cles-ports-de-strasbourg.qs-demo.fr\/index.php\/mentions-legales\/","name":"Mentions l\u00e9gales - Coop\u00e9rations Locales et Environnementales en Synergies","isPartOf":{"@id":"https:\/\/cles-ports-de-strasbourg.qs-demo.fr\/#website"},"datePublished":"2026-03-17T20:09:12+00:00","breadcrumb":{"@id":"https:\/\/cles-ports-de-strasbourg.qs-demo.fr\/index.php\/mentions-legales\/#breadcrumb"},"inLanguage":"fr-FR","potentialAction":[{"@type":"ReadAction","target":["https:\/\/cles-ports-de-strasbourg.qs-demo.fr\/index.php\/mentions-legales\/"]}]},{"@type":"BreadcrumbList","@id":"https:\/\/cles-ports-de-strasbourg.qs-demo.fr\/index.php\/mentions-legales\/#breadcrumb","itemListElement":[{"@type":"ListItem","position":1,"name":"Accueil","item":"https:\/\/cles-ports-de-strasbourg.qs-demo.fr\/"},{"@type":"ListItem","position":2,"name":"Mentions l\u00e9gales"}]},{"@type":"WebSite","@id":"https:\/\/cles-ports-de-strasbourg.qs-demo.fr\/#website","url":"https:\/\/cles-ports-de-strasbourg.qs-demo.fr\/","name":"Coop\u00e9rations Locales et Environnementales en Synergies","description":"Cr\u00e9er des synergies entre les entreprises de la zone portuaire de Strasbourg.","potentialAction":[{"@type":"SearchAction","target":{"@type":"EntryPoint","urlTemplate":"https:\/\/cles-ports-de-strasbourg.qs-demo.fr\/?s={search_term_string}"},"query-input":{"@type":"PropertyValueSpecification","valueRequired":true,"valueName":"search_term_string"}}],"inLanguage":"fr-FR"}]}},"_links":{"self":[{"href":"https:\/\/cles-ports-de-strasbourg.qs-demo.fr\/index.php\/wp-json\/wp\/v2\/pages\/892","targetHints":{"allow":["GET"]}}],"collection":[{"href":"https:\/\/cles-ports-de-strasbourg.qs-demo.fr\/index.php\/wp-json\/wp\/v2\/pages"}],"about":[{"href":"https:\/\/cles-ports-de-strasbourg.qs-demo.fr\/index.php\/wp-json\/wp\/v2\/types\/page"}],"author":[{"embeddable":true,"href":"https:\/\/cles-ports-de-strasbourg.qs-demo.fr\/index.php\/wp-json\/wp\/v2\/users\/1"}],"replies":[{"embeddable":true,"href":"https:\/\/cles-ports-de-strasbourg.qs-demo.fr\/index.php\/wp-json\/wp\/v2\/comments?post=892"}],"version-history":[{"count":2,"href":"https:\/\/cles-ports-de-strasbourg.qs-demo.fr\/index.php\/wp-json\/wp\/v2\/pages\/892\/revisions"}],"predecessor-version":[{"id":894,"href":"https:\/\/cles-ports-de-strasbourg.qs-demo.fr\/index.php\/wp-json\/wp\/v2\/pages\/892\/revisions\/894"}],"wp:attachment":[{"href":"https:\/\/cles-ports-de-strasbourg.qs-demo.fr\/index.php\/wp-json\/wp\/v2\/media?parent=892"}],"curies":[{"name":"wp","href":"https:\/\/api.w.org\/{rel}","templated":true}]}}